{"id":53,"date":"2020-04-27T09:46:30","date_gmt":"2020-04-27T09:46:30","guid":{"rendered":"https:\/\/geoplan.ee\/?page_id=53"},"modified":"2021-03-23T09:12:36","modified_gmt":"2021-03-23T09:12:36","slug":"firmast","status":"publish","type":"page","link":"https:\/\/geoplan.ee\/","title":{"rendered":"Firmast"},"content":{"rendered":"\t\t<div data-elementor-type=\"wp-page\" data-elementor-id=\"53\" class=\"elementor elementor-53\">\n\t\t\t\t\t\t<section class=\"elementor-section elementor-top-section elementor-element elementor-element-d980a86 elementor-section-boxed elementor-section-height-default elementor-section-height-default\" data-id=\"d980a86\" data-element_type=\"section\">\n\t\t\t\t\t\t<div class=\"elementor-container elementor-column-gap-default\">\n\t\t\t\t\t<div class=\"elementor-column elementor-col-100 elementor-top-column elementor-element elementor-element-b07fddd\" data-id=\"b07fddd\" data-element_type=\"column\">\n\t\t\t<div class=\"elementor-widget-wrap elementor-element-populated\">\n\t\t\t\t\t\t<div class=\"elementor-element elementor-element-083bd4c elementor-widget elementor-widget-text-editor\" data-id=\"083bd4c\" data-element_type=\"widget\" data-widget_type=\"text-editor.default\">\n\t\t\t\t<div class=\"elementor-widget-container\">\n\t\t\t\t\t\t\t<p><span style=\"color: #000000;\"><strong>GEOPLAN EESTI O\u00dc<\/strong>\u00a0alustas tegevust 2005.a. m\u00e4rtsis.\u00a0\u00a0\u00a0Firma eesm\u00e4rgiks on pakkuda\u00a0geodeesiaalast teenust. Usaldusv\u00e4\u00e4rsus, tellimuste korrektne t\u00e4itmine ja t\u00e4psus on meie firma tunnused. T\u00f6\u00f6liste kogemused annavad klientidele suure kindlustunde. K\u00e4esoleval hetkel koosneb meie firma 8-st t\u00f6\u00f6tajast ja\u00a0omame kaasaegset tehnikat t\u00f6\u00f6de kvaliteetseks teostamiseks. T\u00f6id teostame terves Eestis (peamiselt Tallinna ja Harjumaa piirkondades).<\/span><br \/><span style=\"color: #000000;\">Oleme spetsialiseerunud peamiselt elektrirajatiste teostusjooniste (vastavalt Eesti Energia jaotusv\u00f5rgu eeskirjadele) ja topo-geodeetiliste alusplaanide koostamisele.<\/span><\/p><div><span style=\"color: #000000;\">p\u00f5hitegevusalad on:<\/span><\/div><div><span style=\"color: #000000;\">\u00a0\u00a0\u00a0\u00a0\u00a0\u00a0\u00a0\u00a0\u00a0\u00a0\u00a0\u00a0\u00a0\u00a0\u00a0\u00a0\u00a0\u00a0\u00a0\u00a0\u00a0\u00a0 * geodeetilised m\u00f5\u00f5distust\u00f6\u00f6d<\/span><\/div><div><span style=\"color: #000000;\">\u00a0 \u00a0 \u00a0 \u00a0 \u00a0 \u00a0 \u00a0 \u00a0 \u00a0 \u00a0 \u00a0\u00a0<\/span><span style=\"color: #000000;\">\u00a0* teostusjoonised: elekter-, side- ja t\u00e4navavalgustus (m\u00e4rgime ette ka trassi projektij\u00e4rgse asukoha)<\/span><\/div><div>\u00a0<\/div><div><span style=\"color: #000000;\">\u00a0<strong>T\u00d6\u00d6 KIIRE JA KORRALIK<\/strong><\/span><\/div>\t\t\t\t\t\t<\/div>\n\t\t\t\t<\/div>\n\t\t\t\t\t<\/div>\n\t\t<\/div>\n\t\t\t\t\t<\/div>\n\t\t<\/section>\n\t\t\t\t<\/div>\n\t\t","protected":false},"excerpt":{"rendered":"<p>GEOPLAN EESTI O\u00dc\u00a0alustas tegevust 2005.a. m\u00e4rtsis.\u00a0\u00a0\u00a0Firma eesm\u00e4rgiks on pakkuda\u00a0geodeesiaalast teenust. Usaldusv\u00e4\u00e4rsus, tellimuste korrektne t\u00e4itmine ja t\u00e4psus on meie firma tunnused. T\u00f6\u00f6liste kogemused annavad klientidele suure kindlustunde. K\u00e4esoleval hetkel koosneb meie firma 8-st t\u00f6\u00f6tajast ja\u00a0omame kaasaegset tehnikat t\u00f6\u00f6de kvaliteetseks teostamiseks. T\u00f6id teostame terves Eestis (peamiselt Tallinna ja Harjumaa piirkondades).Oleme spetsialiseerunud peamiselt elektrirajatiste teostusjooniste (vastavalt Eesti Energia [&hellip;]<\/p>\n","protected":false},"author":2,"featured_media":0,"parent":0,"menu_order":0,"comment_status":"closed","ping_status":"closed","template":"","meta":{"footnotes":""},"class_list":["post-53","page","type-page","status-publish","hentry"],"_links":{"self":[{"href":"https:\/\/geoplan.ee\/index.php?rest_route=\/wp\/v2\/pages\/53","targetHints":{"allow":["GET"]}}],"collection":[{"href":"https:\/\/geoplan.ee\/index.php?rest_route=\/wp\/v2\/pages"}],"about":[{"href":"https:\/\/geoplan.ee\/index.php?rest_route=\/wp\/v2\/types\/page"}],"author":[{"embeddable":true,"href":"https:\/\/geoplan.ee\/index.php?rest_route=\/wp\/v2\/users\/2"}],"replies":[{"embeddable":true,"href":"https:\/\/geoplan.ee\/index.php?rest_route=%2Fwp%2Fv2%2Fcomments&post=53"}],"version-history":[{"count":5,"href":"https:\/\/geoplan.ee\/index.php?rest_route=\/wp\/v2\/pages\/53\/revisions"}],"predecessor-version":[{"id":157,"href":"https:\/\/geoplan.ee\/index.php?rest_route=\/wp\/v2\/pages\/53\/revisions\/157"}],"wp:attachment":[{"href":"https:\/\/geoplan.ee\/index.php?rest_route=%2Fwp%2Fv2%2Fmedia&parent=53"}],"curies":[{"name":"wp","href":"https:\/\/api.w.org\/{rel}","templated":true}]}}