{"id":38,"date":"2020-04-27T09:27:39","date_gmt":"2020-04-27T09:27:39","guid":{"rendered":"https:\/\/geoplan.ee\/?page_id=38"},"modified":"2020-04-27T10:54:50","modified_gmt":"2020-04-27T10:54:50","slug":"tellimuste-esitamine","status":"publish","type":"page","link":"https:\/\/geoplan.ee\/?page_id=38","title":{"rendered":"Tellimuste esitamine"},"content":{"rendered":"\t\t<div data-elementor-type=\"wp-page\" data-elementor-id=\"38\" class=\"elementor elementor-38\">\n\t\t\t\t\t\t<section class=\"elementor-section elementor-top-section elementor-element elementor-element-0acf5ba elementor-section-boxed elementor-section-height-default elementor-section-height-default\" data-id=\"0acf5ba\" data-element_type=\"section\">\n\t\t\t\t\t\t<div class=\"elementor-container elementor-column-gap-default\">\n\t\t\t\t\t<div class=\"elementor-column elementor-col-50 elementor-top-column elementor-element elementor-element-c52b2b9\" data-id=\"c52b2b9\" data-element_type=\"column\">\n\t\t\t<div class=\"elementor-widget-wrap elementor-element-populated\">\n\t\t\t\t\t\t<div class=\"elementor-element elementor-element-9573bc3 elementor-widget elementor-widget-wp-widget-wpforms-widget\" data-id=\"9573bc3\" data-element_type=\"widget\" data-widget_type=\"wp-widget-wpforms-widget.default\">\n\t\t\t\t<div class=\"elementor-widget-container\">\n\t\t\t<div class=\"wpforms-container wpforms-container-full\" id=\"wpforms-84\"><form id=\"wpforms-form-84\" class=\"wpforms-validate wpforms-form\" data-formid=\"84\" method=\"post\" enctype=\"multipart\/form-data\" action=\"\/index.php?rest_route=%2Fwp%2Fv2%2Fpages%2F38\" data-token=\"5e9a3340a1e902f17deb742a3c5a45e6\" data-token-time=\"1778141711\"><noscript class=\"wpforms-error-noscript\">Please enable JavaScript in your browser to complete this form.<\/noscript><div class=\"wpforms-field-container\"><div id=\"wpforms-84-field_3-container\" class=\"wpforms-field wpforms-field-name\" data-field-id=\"3\"><label class=\"wpforms-field-label\" for=\"wpforms-84-field_3\">Nimi <span class=\"wpforms-required-label\">*<\/span><\/label><input type=\"text\" id=\"wpforms-84-field_3\" class=\"wpforms-field-medium wpforms-field-required\" name=\"wpforms[fields][3]\" required><\/div><div id=\"wpforms-84-field_4-container\" class=\"wpforms-field wpforms-field-number\" data-field-id=\"4\"><label class=\"wpforms-field-label\" for=\"wpforms-84-field_4\">Telefon <span class=\"wpforms-required-label\">*<\/span><\/label><input type=\"number\" id=\"wpforms-84-field_4\" class=\"wpforms-field-medium wpforms-field-required\" name=\"wpforms[fields][4]\" required><\/div><div id=\"wpforms-84-field_1-container\" class=\"wpforms-field wpforms-field-email\" data-field-id=\"1\"><label class=\"wpforms-field-label\" for=\"wpforms-84-field_1\">Email <span class=\"wpforms-required-label\">*<\/span><\/label><input type=\"email\" id=\"wpforms-84-field_1\" class=\"wpforms-field-medium wpforms-field-required\" name=\"wpforms[fields][1]\" spellcheck=\"false\" required><\/div><div id=\"wpforms-84-field_2-container\" class=\"wpforms-field wpforms-field-textarea\" data-field-id=\"2\"><label class=\"wpforms-field-label\" for=\"wpforms-84-field_2\">P\u00e4ringu sisu <span class=\"wpforms-required-label\">*<\/span><\/label><textarea id=\"wpforms-84-field_2\" class=\"wpforms-field-medium wpforms-field-required\" name=\"wpforms[fields][2]\" required><\/textarea><\/div><\/div><!-- .wpforms-field-container --><div class=\"wpforms-field wpforms-field-hp\"><label for=\"wpforms-84-field-hp\" class=\"wpforms-field-label\">Comment<\/label><input type=\"text\" name=\"wpforms[hp]\" id=\"wpforms-84-field-hp\" class=\"wpforms-field-medium\"><\/div><div class=\"wpforms-submit-container\" ><input type=\"hidden\" name=\"wpforms[id]\" value=\"84\"><input type=\"hidden\" name=\"page_title\" value=\"\"><input type=\"hidden\" name=\"page_url\" value=\"https:\/\/geoplan.ee\/index.php?rest_route=%2Fwp%2Fv2%2Fpages%2F38\"><button type=\"submit\" name=\"wpforms[submit]\" id=\"wpforms-submit-84\" class=\"wpforms-submit\" data-alt-text=\"Sending...\" data-submit-text=\"Saada\" aria-live=\"assertive\" value=\"wpforms-submit\">Saada<\/button><\/div><\/form><\/div>  <!-- .wpforms-container -->\t\t<\/div>\n\t\t\t\t<\/div>\n\t\t\t\t\t<\/div>\n\t\t<\/div>\n\t\t\t\t<div class=\"elementor-column elementor-col-50 elementor-top-column elementor-element elementor-element-109953b\" data-id=\"109953b\" data-element_type=\"column\">\n\t\t\t<div class=\"elementor-widget-wrap elementor-element-populated\">\n\t\t\t\t\t\t<div class=\"elementor-element elementor-element-b1192fa elementor-widget elementor-widget-text-editor\" data-id=\"b1192fa\" data-element_type=\"widget\" data-widget_type=\"text-editor.default\">\n\t\t\t\t<div class=\"elementor-widget-container\">\n\t\t\t\t\t\t\t<p><br \/><span style=\"color: #000000;\">Tellimuse esitamiseks v\u00f5tke meiega \u00fchendust. Esialgse p\u00e4rinu info saate edastada meile t\u00e4ites alloleva p\u00e4ringu vormi, kus palume \u00e4ra tuua v\u00f5imalikult t\u00e4pselt objekti koordinaadid ja teie vajadused. Kiireloomuliste p\u00e4ringute korral palume v\u00f5tta \u00fchendust kindlasti ka telefoni teel.<\/span><br \/><br \/><span style=\"color: #000000;\">Laekunud p\u00e4ringu p\u00f5hjal saame anda esialgse hinnangu t\u00f6\u00f6 mahu ja aja kohta. Teenuste hind s\u00f5ltub t\u00f6\u00f6mahust, ajakulust ja konkreetse objekti asukohast. Igale objektile tehakse eraldi hinnapakkumine.<\/span><\/p>\t\t\t\t\t\t<\/div>\n\t\t\t\t<\/div>\n\t\t\t\t\t<\/div>\n\t\t<\/div>\n\t\t\t\t\t<\/div>\n\t\t<\/section>\n\t\t\t\t<\/div>\n\t\t","protected":false},"excerpt":{"rendered":"<p>Tellimuse esitamiseks v\u00f5tke meiega \u00fchendust. Esialgse p\u00e4rinu info saate edastada meile t\u00e4ites alloleva p\u00e4ringu vormi, kus palume \u00e4ra tuua v\u00f5imalikult t\u00e4pselt objekti koordinaadid ja teie vajadused. Kiireloomuliste p\u00e4ringute korral palume v\u00f5tta \u00fchendust kindlasti ka telefoni teel. Laekunud p\u00e4ringu p\u00f5hjal saame anda esialgse hinnangu t\u00f6\u00f6 mahu ja aja kohta. Teenuste hind s\u00f5ltub t\u00f6\u00f6mahust, ajakulust ja konkreetse [&hellip;]<\/p>\n","protected":false},"author":2,"featured_media":0,"parent":0,"menu_order":0,"comment_status":"closed","ping_status":"closed","template":"","meta":{"footnotes":""},"class_list":["post-38","page","type-page","status-publish","hentry"],"_links":{"self":[{"href":"https:\/\/geoplan.ee\/index.php?rest_route=\/wp\/v2\/pages\/38","targetHints":{"allow":["GET"]}}],"collection":[{"href":"https:\/\/geoplan.ee\/index.php?rest_route=\/wp\/v2\/pages"}],"about":[{"href":"https:\/\/geoplan.ee\/index.php?rest_route=\/wp\/v2\/types\/page"}],"author":[{"embeddable":true,"href":"https:\/\/geoplan.ee\/index.php?rest_route=\/wp\/v2\/users\/2"}],"replies":[{"embeddable":true,"href":"https:\/\/geoplan.ee\/index.php?rest_route=%2Fwp%2Fv2%2Fcomments&post=38"}],"version-history":[{"count":5,"href":"https:\/\/geoplan.ee\/index.php?rest_route=\/wp\/v2\/pages\/38\/revisions"}],"predecessor-version":[{"id":86,"href":"https:\/\/geoplan.ee\/index.php?rest_route=\/wp\/v2\/pages\/38\/revisions\/86"}],"wp:attachment":[{"href":"https:\/\/geoplan.ee\/index.php?rest_route=%2Fwp%2Fv2%2Fmedia&parent=38"}],"curies":[{"name":"wp","href":"https:\/\/api.w.org\/{rel}","templated":true}]}}