{"id":34,"date":"2020-04-27T09:27:14","date_gmt":"2020-04-27T09:27:14","guid":{"rendered":"https:\/\/geoplan.ee\/?page_id=34"},"modified":"2020-04-27T10:30:20","modified_gmt":"2020-04-27T10:30:20","slug":"suuremad-tood","status":"publish","type":"page","link":"https:\/\/geoplan.ee\/?page_id=34","title":{"rendered":"Suuremad t\u00f6\u00f6d"},"content":{"rendered":"\t\t<div data-elementor-type=\"wp-page\" data-elementor-id=\"34\" class=\"elementor elementor-34\">\n\t\t\t\t\t\t<section class=\"elementor-section elementor-top-section elementor-element elementor-element-3691e9d elementor-section-boxed elementor-section-height-default elementor-section-height-default\" data-id=\"3691e9d\" data-element_type=\"section\">\n\t\t\t\t\t\t<div class=\"elementor-container elementor-column-gap-default\">\n\t\t\t\t\t<div class=\"elementor-column elementor-col-100 elementor-top-column elementor-element elementor-element-b770555\" data-id=\"b770555\" data-element_type=\"column\">\n\t\t\t<div class=\"elementor-widget-wrap elementor-element-populated\">\n\t\t\t\t\t\t<div class=\"elementor-element elementor-element-d428e6a elementor-widget elementor-widget-text-editor\" data-id=\"d428e6a\" data-element_type=\"widget\" data-widget_type=\"text-editor.default\">\n\t\t\t\t<div class=\"elementor-widget-container\">\n\t\t\t\t\t\t\t<div style=\"box-sizing: inherit; color: #003366; font-family: Arial, sans-serif; text-align: justify;\"><strong style=\"box-sizing: inherit;\"><u style=\"box-sizing: inherit;\">2009a.<\/u><\/strong><div style=\"box-sizing: inherit;\"><strong style=\"box-sizing: inherit;\">*\u00a0AJ Kiltre P\u00f5rsuk\u00fcla fiidri rekonstrueerimine:<\/strong>\u00a0\u00a0\u00a0teostusjoonised<\/div><div style=\"box-sizing: inherit;\"><strong style=\"box-sizing: inherit;\">* Tallinna Lennujaam:\u00a0\u00a0trasside teostusjoonised \u2013<\/strong>\u00a0elekter, side<\/div><div style=\"box-sizing: inherit;\"><strong style=\"box-sizing: inherit;\">*\u00a0110kV \u00f5huliini L-017 (Keila AJ \u2013 Rummu AJ) mastide m\u00f5\u00f5distamine<\/strong><\/div><div style=\"box-sizing: inherit;\"><strong style=\"box-sizing: inherit;\">*\u00a0110kV \u00f5huliini L-110 (Kiisa AJ \u2013 Ellamaa AJ) mastide m\u00f5\u00f5distamine<\/strong><\/div><div style=\"box-sizing: inherit;\"><strong style=\"box-sizing: inherit;\">* M\u00e4o ristmiku \u00fcmberehitus:\u00a0\u00a0teostusjoonised \u2013<\/strong>\u00a0\u00a0elekter, t\u00e4navavalgustus, side<\/div><div style=\"box-sizing: inherit;\"><strong style=\"box-sizing: inherit;\">*\u00a0AJ M\u00e4nniku F5 ja F6 rekonstrueerimine (K\u00e4rdla linn):\u00a0\u00a0<\/strong>teostusjoonised<\/div><div style=\"box-sizing: inherit;\"><strong style=\"box-sizing: inherit;\">*\u00a0O\u00dc Balti Spooni katlamaja elektrivarustus (IIetapp):<\/strong>\u00a0\u00a0teostusjoonised<\/div><div style=\"box-sizing: inherit;\"><strong style=\"box-sizing: inherit;\">*\u00a0Rohuk\u00fcla sadama\u00a0ooteala laiendus:<\/strong>\u00a0\u00a0\u00a0teostusjoonised \u2013\u00a0\u00a0elekter, side ja t\u00e4navavalgustus<\/div><div style=\"box-sizing: inherit;\"><strong style=\"box-sizing: inherit;\">*\u00a0Pihlaka tn, Vuti tn,\u00a0Remmelga tn:<\/strong>\u00a0\u00a0\u00a0teostusjoonised\u00a0\u2013 elekter, side, t\u00e4navavalgustus<\/div><div style=\"box-sizing: inherit;\"><strong style=\"box-sizing: inherit;\">*\u00a0Noarootsi-Vormsi 10kV merekaabel:<\/strong>\u00a0\u00a0\u00a0teostusjoonised<\/div><div style=\"box-sizing: inherit;\"><strong style=\"box-sizing: inherit;\">*\u00a0Laevastiku tn 10\/6\/0.4kV elektrivarustuse rek:\u00a0\u00a0\u00a0<\/strong>teostusjoonised\u00a0\u00a0<\/div><div style=\"box-sizing: inherit;\"><div style=\"box-sizing: inherit;\"><strong style=\"box-sizing: inherit;\">*\u00a0AJ nr.360 piirkonna\u00a010\/6\/0.4kV elektrivarustuse rek:<\/strong>\u00a0\u00a0\u00a0teostusjoonised\u00a0<\/div><div style=\"box-sizing: inherit;\"><strong style=\"box-sizing: inherit;\">\u00a0<\/strong><\/div><\/div><\/div><div style=\"box-sizing: inherit; color: #003366; font-family: Arial, sans-serif; text-align: justify;\">\u00a0<\/div><div style=\"box-sizing: inherit; color: #003366; font-family: Arial, sans-serif; text-align: justify;\"><u style=\"box-sizing: inherit;\"><strong style=\"box-sizing: inherit;\">2008a.<\/strong><\/u><\/div><div style=\"box-sizing: inherit; color: #003366; font-family: Arial, sans-serif; text-align: justify;\"><strong style=\"box-sizing: inherit;\">*\u00a0Pae tn rekonstrueerimine:<\/strong>\u00a0\u00a0\u00a0teostusjoonised \u2013\u00a0\u00a0elekter, side ja t\u00e4navavalgustus<\/div><div style=\"box-sizing: inherit; color: #003366; font-family: Arial, sans-serif; text-align: justify;\"><strong style=\"box-sizing: inherit;\">* Harku-Laagri mnt rek IIetapp(Laagris):<\/strong>\u00a0\u00a0\u00a0teostusjoonised \u2013\u00a0\u00a0elekter ja t\u00e4navavalgustus<\/div><div style=\"box-sizing: inherit; color: #003366; font-family: Arial, sans-serif; text-align: justify;\"><strong style=\"box-sizing: inherit;\">*\u00a0N\u00f5mme tee rekonstrueerimine:<\/strong>\u00a0\u00a0\u00a0teostusjoonised \u2013\u00a0\u00a0elekter, side ja t\u00e4navavalgustus<\/div><div style=\"box-sizing: inherit; color: #003366; font-family: Arial, sans-serif; text-align: justify;\"><strong style=\"box-sizing: inherit;\">*\u00a0Tallinn-Tartu mnt\u00a0(Vaida-Aruvalla) rek. IIetapp:<\/strong>\u00a0teostusjoonised \u2013\u00a0 elekter, side, t\u00e4navavalgustus<\/div><div style=\"box-sizing: inherit; color: #003366; font-family: Arial, sans-serif; text-align: justify;\"><strong style=\"box-sizing: inherit;\">* T-9 \u00c4\u00e4sm\u00e4e-Haapsalu-Rohuk\u00fcla mnt rekonstrueerimine:<\/strong>\u00a0\u00a0\u00a0teostusjoonised \u2013\u00a0\u00a0t\u00e4navavalgustus<\/div><div style=\"box-sizing: inherit; color: #003366; font-family: Arial, sans-serif; text-align: justify;\"><strong style=\"box-sizing: inherit;\">*\u00a0Lillepi park:<\/strong>\u00a0\u00a0\u00a0teostusjoonised \u2013\u00a0\u00a0elekter, side ja t\u00e4navavalgustus<\/div><div style=\"box-sizing: inherit; color: #003366; font-family: Arial, sans-serif; text-align: justify;\"><strong style=\"box-sizing: inherit;\">*\u00a0Rannam\u00f5isa tee rekonstrueerimine:<\/strong>\u00a0\u00a0\u00a0teostusjoonised \u2013\u00a0\u00a0elekter, foor, side ja t\u00e4navavalgustus<\/div><div style=\"box-sizing: inherit; color: #003366; font-family: Arial, sans-serif; text-align: justify;\"><strong style=\"box-sizing: inherit;\">*\u00a0Paradiisiranna elamurajoon:<\/strong>\u00a0\u00a0\u00a0teostusjoonised \u2013\u00a0\u00a0elekter, side ja t\u00e4navavalgustus<\/div><div style=\"box-sizing: inherit; color: #003366; font-family: Arial, sans-serif; text-align: justify;\"><strong style=\"box-sizing: inherit;\">*\u00a0Kasekese, Suurev\u00e4lja ja Merekioski AJ 0.4kV \u00f5huliinide rek:<\/strong>\u00a0\u00a0\u00a0teostusjoonised\u00a0<\/div><div style=\"box-sizing: inherit; color: #003366; font-family: Arial, sans-serif; text-align: justify;\"><strong style=\"box-sizing: inherit;\">*\u00a0R\u00e4\u00e4gusilla elamurajoon:<\/strong>\u00a0\u00a0\u00a0teostusjoonised \u2013\u00a0\u00a0elekter ja t\u00e4navavalgustus<\/div><div style=\"box-sizing: inherit; color: #003366; font-family: Arial, sans-serif; text-align: justify;\"><strong style=\"box-sizing: inherit;\">*\u00a0Harku AJ ja Liikva AJ vahelised 20kV toitekaablid:\u00a0\u00a0\u00a0<\/strong>teostusjoonised<strong style=\"box-sizing: inherit;\">\u00a0<\/strong><strong style=\"box-sizing: inherit;\">\u00a0<\/strong><\/div><div style=\"box-sizing: inherit; color: #003366; font-family: Arial, sans-serif;\"><strong style=\"box-sizing: inherit;\">\u00a0<\/strong><\/div><div style=\"box-sizing: inherit; color: #003366; font-family: Arial, sans-serif;\"><u style=\"box-sizing: inherit;\"><strong style=\"box-sizing: inherit;\">2007a.<\/strong><\/u><\/div><div style=\"box-sizing: inherit; color: #003366; font-family: Arial, sans-serif;\"><strong style=\"box-sizing: inherit;\">* R\u00e4\u00e4gu tn rekonstrueerimine:<\/strong>\u00a0\u00a0\u00a0teostusjoonised \u2013\u00a0\u00a0elekter, side ja t\u00e4navavalgustus<\/div><div style=\"box-sizing: inherit; color: #003366; font-family: Arial, sans-serif;\"><strong style=\"box-sizing: inherit;\">*\u00a0S\u00f5pruse pst, Vilde tee ja S\u00fctiste tee\u00a0ristmiku rek:<\/strong>\u00a0teostusjoonised \u2013\u00a0\u00a0elekter, side, t\u00e4navavalgustus ja foorid<\/div><div style=\"box-sizing: inherit; color: #003366; font-family: Arial, sans-serif;\"><strong style=\"box-sizing: inherit;\">* Suur-S\u00f5jam\u00e4e tn rekonstrueerimine:<\/strong>\u00a0teostusjoonised \u2013\u00a0\u00a0elekter, side, t\u00e4navavalgustus ja foorid<\/div><div style=\"box-sizing: inherit; color: #003366; font-family: Arial, sans-serif;\"><strong style=\"box-sizing: inherit;\">* M\u00e4epealse tn rekonstrueerimine:<\/strong>\u00a0teostusjoonised \u2013\u00a0\u00a0elekter, side, t\u00e4navavalgustus<\/div><div style=\"box-sizing: inherit; color: #003366; font-family: Arial, sans-serif;\"><strong style=\"box-sizing: inherit;\">* J\u00e4gala-J\u00f5esuu puhke-ja spordikompleks:<\/strong>\u00a0teostusjoonised \u2013\u00a0\u00a0side, t\u00e4navavalgustus<\/div><div style=\"box-sizing: inherit; color: #003366; font-family: Arial, sans-serif;\"><strong style=\"box-sizing: inherit;\">* Tallinn-Tartu mnt\u00a0(Vaida-Aruvalla) rek:<\/strong>\u00a0teostusjoonised \u2013\u00a0 elekter, side, t\u00e4navavalgustus<\/div><div style=\"box-sizing: inherit; color: #003366; font-family: Arial, sans-serif;\"><strong style=\"box-sizing: inherit;\">*\u00a0Saviliiva elamurajoon:<\/strong>\u00a0teostusjoonised \u2013\u00a0 elekter, side, t\u00e4navavalgustus<\/div><div style=\"box-sizing: inherit; color: #003366; font-family: Arial, sans-serif;\"><strong style=\"box-sizing: inherit;\">*\u00a0Mustakivi tee\u00a0rek (II etapp):<\/strong>\u00a0teostusjoonised \u2013\u00a0\u00a0elekter, side, t\u00e4navavalgustus ja foorid<\/div><div style=\"box-sizing: inherit; color: #003366; font-family: Arial, sans-serif; text-align: justify;\"><u style=\"box-sizing: inherit;\"><strong style=\"box-sizing: inherit;\">\u00a0<\/strong><\/u><\/div><div style=\"box-sizing: inherit; color: #003366; font-family: Arial, sans-serif; text-align: justify;\"><u style=\"box-sizing: inherit;\"><strong style=\"box-sizing: inherit;\">2006a.<\/strong><\/u><\/div><div style=\"box-sizing: inherit; color: #003366; font-family: Tahoma; line-height: 18px;\">*\u00a0<strong style=\"box-sizing: inherit;\">Tartu mnt rekonstrueerimine<\/strong>:\u00a0\u00a0teostusjoonised \u2013 elekter, side, t\u00e4navavalgustus ja foorid<\/div><div style=\"box-sizing: inherit; color: #003366; font-family: Tahoma; line-height: 18px;\">*\u00a0<strong style=\"box-sizing: inherit;\">Meriv\u00e4lja tee rekonstrueerimine<\/strong>:\u00a0\u00a0\u00a0teostusjoonised \u2013\u00a0\u00a0elekter, side, t\u00e4navavalgustus ja foorid<\/div><div style=\"box-sizing: inherit; color: #003366; font-family: Tahoma; line-height: 18px;\">*\u00a0<strong style=\"box-sizing: inherit;\">Mustakivi tee rekonstrueerimine<\/strong>:\u00a0\u00a0\u00a0teostusjoonised \u2013\u00a0 elekter,\u00a0t\u00e4navavalgustus ja foorid<\/div><div style=\"box-sizing: inherit; color: #003366; font-family: Tahoma; line-height: 18px;\">*\u00a0<strong style=\"box-sizing: inherit;\">J\u00fcri Tehnopark<\/strong>:\u00a0\u00a0teostusjoonis \u2013\u00a0\u00a0elektrikaablid<\/div><div style=\"box-sizing: inherit; color: #003366; font-family: Tahoma; line-height: 18px;\">*\u00a0<strong style=\"box-sizing: inherit;\">Loigu m\u00fc<\/strong>\u00a0Viimsi vald:\u00a0\u00a0teostusjoonis \u2013\u00a0side<\/div><div style=\"box-sizing: inherit; color: #003366; font-family: Tahoma; line-height: 18px;\">*\u00a0<strong style=\"box-sizing: inherit;\">Soosepa elurajoon<\/strong>\u00a0Viimsi vald:\u00a0teostusjoonis \u2013\u00a0 side<\/div>\t\t\t\t\t\t<\/div>\n\t\t\t\t<\/div>\n\t\t\t\t\t<\/div>\n\t\t<\/div>\n\t\t\t\t\t<\/div>\n\t\t<\/section>\n\t\t\t\t<\/div>\n\t\t","protected":false},"excerpt":{"rendered":"<p>2009a.*\u00a0AJ Kiltre P\u00f5rsuk\u00fcla fiidri rekonstrueerimine:\u00a0\u00a0\u00a0teostusjoonised* Tallinna Lennujaam:\u00a0\u00a0trasside teostusjoonised \u2013\u00a0elekter, side*\u00a0110kV \u00f5huliini L-017 (Keila AJ \u2013 Rummu AJ) mastide m\u00f5\u00f5distamine*\u00a0110kV \u00f5huliini L-110 (Kiisa AJ \u2013 Ellamaa AJ) mastide m\u00f5\u00f5distamine* M\u00e4o ristmiku \u00fcmberehitus:\u00a0\u00a0teostusjoonised \u2013\u00a0\u00a0elekter, t\u00e4navavalgustus, side*\u00a0AJ M\u00e4nniku F5 ja F6 rekonstrueerimine (K\u00e4rdla linn):\u00a0\u00a0teostusjoonised*\u00a0O\u00dc Balti Spooni katlamaja elektrivarustus (IIetapp):\u00a0\u00a0teostusjoonised*\u00a0Rohuk\u00fcla sadama\u00a0ooteala laiendus:\u00a0\u00a0\u00a0teostusjoonised \u2013\u00a0\u00a0elekter, side ja t\u00e4navavalgustus*\u00a0Pihlaka tn, Vuti tn,\u00a0Remmelga [&hellip;]<\/p>\n","protected":false},"author":2,"featured_media":0,"parent":0,"menu_order":0,"comment_status":"closed","ping_status":"closed","template":"","meta":{"footnotes":""},"class_list":["post-34","page","type-page","status-publish","hentry"],"_links":{"self":[{"href":"https:\/\/geoplan.ee\/index.php?rest_route=\/wp\/v2\/pages\/34","targetHints":{"allow":["GET"]}}],"collection":[{"href":"https:\/\/geoplan.ee\/index.php?rest_route=\/wp\/v2\/pages"}],"about":[{"href":"https:\/\/geoplan.ee\/index.php?rest_route=\/wp\/v2\/types\/page"}],"author":[{"embeddable":true,"href":"https:\/\/geoplan.ee\/index.php?rest_route=\/wp\/v2\/users\/2"}],"replies":[{"embeddable":true,"href":"https:\/\/geoplan.ee\/index.php?rest_route=%2Fwp%2Fv2%2Fcomments&post=34"}],"version-history":[{"count":3,"href":"https:\/\/geoplan.ee\/index.php?rest_route=\/wp\/v2\/pages\/34\/revisions"}],"predecessor-version":[{"id":75,"href":"https:\/\/geoplan.ee\/index.php?rest_route=\/wp\/v2\/pages\/34\/revisions\/75"}],"wp:attachment":[{"href":"https:\/\/geoplan.ee\/index.php?rest_route=%2Fwp%2Fv2%2Fmedia&parent=34"}],"curies":[{"name":"wp","href":"https:\/\/api.w.org\/{rel}","templated":true}]}}